{"id":826,"date":"2023-04-03T16:18:44","date_gmt":"2023-04-03T15:18:44","guid":{"rendered":"https:\/\/new.gimabambot.com\/valeurs-et-philosophie\/"},"modified":"2024-12-22T14:01:21","modified_gmt":"2024-12-22T13:01:21","slug":"valeurs-et-philosophie","status":"publish","type":"page","link":"https:\/\/gimabambot.com\/fr\/valeurs-et-philosophie\/","title":{"rendered":"Valeurs et Philosophie"},"content":{"rendered":"\t\t<div data-elementor-type=\"wp-page\" data-elementor-id=\"826\" class=\"elementor elementor-826 elementor-17\" data-elementor-post-type=\"page\">\n\t\t\t\t<div class=\"elementor-element elementor-element-a6b042f e-flex e-con-boxed e-con e-parent\" data-id=\"a6b042f\" data-element_type=\"container\" data-settings=\"{&quot;background_background&quot;:&quot;slideshow&quot;,&quot;background_slideshow_gallery&quot;:[{&quot;id&quot;:265,&quot;url&quot;:&quot;https:\\\/\\\/gimabambot.com\\\/wp-content\\\/uploads\\\/2023\\\/04\\\/Gima-Bambot-Healthcare-medical-Supplier-Cameroon-5-2-1.png&quot;}],&quot;background_slideshow_loop&quot;:&quot;yes&quot;,&quot;background_slideshow_slide_duration&quot;:5000,&quot;background_slideshow_slide_transition&quot;:&quot;fade&quot;,&quot;background_slideshow_transition_duration&quot;:500}\">\n\t\t\t\t\t<div class=\"e-con-inner\">\n\t\t<div class=\"elementor-element elementor-element-27a2d76 e-flex e-con-boxed e-con e-child\" data-id=\"27a2d76\" data-element_type=\"container\" data-settings=\"{&quot;background_background&quot;:&quot;slideshow&quot;,&quot;background_slideshow_gallery&quot;:[],&quot;background_slideshow_loop&quot;:&quot;yes&quot;,&quot;background_slideshow_slide_duration&quot;:5000,&quot;background_slideshow_slide_transition&quot;:&quot;fade&quot;,&quot;background_slideshow_transition_duration&quot;:500}\">\n\t\t\t\t\t<div class=\"e-con-inner\">\n\t\t<div class=\"elementor-element elementor-element-8740032 e-flex e-con-boxed e-con e-child\" data-id=\"8740032\" data-element_type=\"container\">\n\t\t\t\t\t<div class=\"e-con-inner\">\n\t\t<div class=\"elementor-element elementor-element-583801f e-con-full e-flex e-con e-child\" data-id=\"583801f\" data-element_type=\"container\" data-settings=\"{&quot;background_background&quot;:&quot;classic&quot;,&quot;position&quot;:&quot;absolute&quot;}\">\n\t\t\t\t<div class=\"elementor-element elementor-element-9058bc9 elementor-widget elementor-widget-heading\" data-id=\"9058bc9\" data-element_type=\"widget\" data-widget_type=\"heading.default\">\n\t\t\t\t<div class=\"elementor-widget-container\">\n\t\t\t<style>\/*! elementor - v3.21.0 - 08-05-2024 *\/\n.elementor-heading-title{padding:0;margin:0;line-height:1}.elementor-widget-heading .elementor-heading-title[class*=elementor-size-]>a{color:inherit;font-size:inherit;line-height:inherit}.elementor-widget-heading .elementor-heading-title.elementor-size-small{font-size:15px}.elementor-widget-heading .elementor-heading-title.elementor-size-medium{font-size:19px}.elementor-widget-heading .elementor-heading-title.elementor-size-large{font-size:29px}.elementor-widget-heading .elementor-heading-title.elementor-size-xl{font-size:39px}.elementor-widget-heading .elementor-heading-title.elementor-size-xxl{font-size:59px}<\/style><h2 class=\"elementor-heading-title elementor-size-xl\">Valeurs et Philosophie<\/h2>\t\t<\/div>\n\t\t\t\t<\/div>\n\t\t\t\t<\/div>\n\t\t\t\t\t<\/div>\n\t\t\t\t<\/div>\n\t\t\t\t\t<\/div>\n\t\t\t\t<\/div>\n\t\t\t\t\t<\/div>\n\t\t\t\t<\/div>\n\t\t<div class=\"elementor-element elementor-element-4473636 e-flex e-con-boxed e-con e-parent\" data-id=\"4473636\" data-element_type=\"container\">\n\t\t\t\t\t<div class=\"e-con-inner\">\n\t\t\t\t<div class=\"elementor-element elementor-element-35aaa06 elementor-widget elementor-widget-spacer\" data-id=\"35aaa06\" data-element_type=\"widget\" data-widget_type=\"spacer.default\">\n\t\t\t\t<div class=\"elementor-widget-container\">\n\t\t\t<style>\/*! elementor - v3.21.0 - 08-05-2024 *\/\n.elementor-column .elementor-spacer-inner{height:var(--spacer-size)}.e-con{--container-widget-width:100%}.e-con-inner>.elementor-widget-spacer,.e-con>.elementor-widget-spacer{width:var(--container-widget-width,var(--spacer-size));--align-self:var(--container-widget-align-self,initial);--flex-shrink:0}.e-con-inner>.elementor-widget-spacer>.elementor-widget-container,.e-con>.elementor-widget-spacer>.elementor-widget-container{height:100%;width:100%}.e-con-inner>.elementor-widget-spacer>.elementor-widget-container>.elementor-spacer,.e-con>.elementor-widget-spacer>.elementor-widget-container>.elementor-spacer{height:100%}.e-con-inner>.elementor-widget-spacer>.elementor-widget-container>.elementor-spacer>.elementor-spacer-inner,.e-con>.elementor-widget-spacer>.elementor-widget-container>.elementor-spacer>.elementor-spacer-inner{height:var(--container-widget-height,var(--spacer-size))}.e-con-inner>.elementor-widget-spacer.elementor-widget-empty,.e-con>.elementor-widget-spacer.elementor-widget-empty{position:relative;min-height:22px;min-width:22px}.e-con-inner>.elementor-widget-spacer.elementor-widget-empty .elementor-widget-empty-icon,.e-con>.elementor-widget-spacer.elementor-widget-empty .elementor-widget-empty-icon{position:absolute;top:0;bottom:0;left:0;right:0;margin:auto;padding:0;width:22px;height:22px}<\/style>\t\t<div class=\"elementor-spacer\">\n\t\t\t<div class=\"elementor-spacer-inner\"><\/div>\n\t\t<\/div>\n\t\t\t\t<\/div>\n\t\t\t\t<\/div>\n\t\t\t\t\t<\/div>\n\t\t\t\t<\/div>\n\t\t<div class=\"elementor-element elementor-element-26e9391 e-flex e-con-boxed e-con e-parent\" data-id=\"26e9391\" data-element_type=\"container\">\n\t\t\t\t\t<div class=\"e-con-inner\">\n\t\t<div class=\"elementor-element elementor-element-ba22620 e-con-full e-flex e-con e-child\" data-id=\"ba22620\" data-element_type=\"container\">\n\t\t<div class=\"elementor-element elementor-element-1643e34 e-flex e-con-boxed e-con e-child\" data-id=\"1643e34\" data-element_type=\"container\" data-settings=\"{&quot;background_background&quot;:&quot;classic&quot;}\">\n\t\t\t\t\t<div class=\"e-con-inner\">\n\t\t\t\t<div class=\"elementor-element elementor-element-b1757d0 elementor-widget elementor-widget-heading\" data-id=\"b1757d0\" data-element_type=\"widget\" data-widget_type=\"heading.default\">\n\t\t\t\t<div class=\"elementor-widget-container\">\n\t\t\t<h2 class=\"elementor-heading-title elementor-size-default\">Notre Gouvernement, Notre Fondation et Nos Collaborateurs<\/h2>\t\t<\/div>\n\t\t\t\t<\/div>\n\t\t\t\t<div class=\"elementor-element elementor-element-bed7d9b elementor-widget elementor-widget-text-editor\" data-id=\"bed7d9b\" data-element_type=\"widget\" data-widget_type=\"text-editor.default\">\n\t\t\t\t<div class=\"elementor-widget-container\">\n\t\t\t<style>\/*! elementor - v3.21.0 - 08-05-2024 *\/\n.elementor-widget-text-editor.elementor-drop-cap-view-stacked .elementor-drop-cap{background-color:#69727d;color:#fff}.elementor-widget-text-editor.elementor-drop-cap-view-framed .elementor-drop-cap{color:#69727d;border:3px solid;background-color:transparent}.elementor-widget-text-editor:not(.elementor-drop-cap-view-default) .elementor-drop-cap{margin-top:8px}.elementor-widget-text-editor:not(.elementor-drop-cap-view-default) .elementor-drop-cap-letter{width:1em;height:1em}.elementor-widget-text-editor .elementor-drop-cap{float:left;text-align:center;line-height:1;font-size:50px}.elementor-widget-text-editor .elementor-drop-cap-letter{display:inline-block}<\/style>\t\t\t\t<p class=\"sc-jMbUWg fdTPyi\">Nous croyons fermement qu\u2019un gouvernement engag\u00e9 et r\u00e9solument tourn\u00e9 vers l\u2019esprit d\u2019entreprise joue un r\u00f4le cl\u00e9 dans l\u2019am\u00e9lioration du bien-\u00eatre de ses citoyens, en stimulant une croissance ax\u00e9e sur l\u2019innovation. Cela implique d\u2019engager des transformations strat\u00e9giques ambitieuses gr\u00e2ce \u00e0 des politiques tourn\u00e9es vers des missions pr\u00e9cises, tout en encourageant une v\u00e9ritable culture d\u2019ambition.<\/p>\n<p class=\"sc-jMbUWg fdTPyi\">Notre objectif est d\u2019investir dans des id\u00e9es prometteuses, de b\u00e2tir des entreprises innovantes \u00e0 forte croissance, capables de cr\u00e9er des emplois durables et de la richesse. Notre mission s\u2019\u00e9tend au-del\u00e0 des affaires : nous aspirons aussi \u00e0 favoriser l\u2019\u00e9panouissement financier des individus, et \u00e0 offrir aux communaut\u00e9s les ressources n\u00e9cessaires pour se d\u00e9velopper et prosp\u00e9rer, pour le bien-\u00eatre des g\u00e9n\u00e9rations d\u2019aujourd\u2019hui et de demain.<\/p>\n<p class=\"sc-jMbUWg fdTPyi\">Nous sommes fermement convaincus que l\u2019innovation et l\u2019entrepreneuriat constituent les piliers essentiels de la prosp\u00e9rit\u00e9 de notre pays au 21e si\u00e8cle.<\/p>\n\t\t\t\t\t\t<\/div>\n\t\t\t\t<\/div>\n\t\t\t\t\t<\/div>\n\t\t\t\t<\/div>\n\t\t\t\t<\/div>\n\t\t<div class=\"elementor-element elementor-element-64f807f e-con-full e-flex e-con e-child\" data-id=\"64f807f\" data-element_type=\"container\">\n\t\t<div class=\"elementor-element elementor-element-5cd80d0 e-flex e-con-boxed e-con e-child\" data-id=\"5cd80d0\" data-element_type=\"container\" data-settings=\"{&quot;position&quot;:&quot;absolute&quot;}\">\n\t\t\t\t\t<div class=\"e-con-inner\">\n\t\t\t\t<div class=\"elementor-element elementor-element-35165d9 elementor-widget elementor-widget-image\" data-id=\"35165d9\" data-element_type=\"widget\" data-settings=\"{&quot;sticky&quot;:&quot;top&quot;,&quot;sticky_on&quot;:[&quot;desktop&quot;,&quot;tablet&quot;],&quot;sticky_offset&quot;:120,&quot;sticky_parent&quot;:&quot;yes&quot;,&quot;sticky_effects_offset&quot;:0}\" data-widget_type=\"image.default\">\n\t\t\t\t<div class=\"elementor-widget-container\">\n\t\t\t<style>\/*! elementor - v3.21.0 - 08-05-2024 *\/\n.elementor-widget-image{text-align:center}.elementor-widget-image a{display:inline-block}.elementor-widget-image a img[src$=\".svg\"]{width:48px}.elementor-widget-image img{vertical-align:middle;display:inline-block}<\/style>\t\t\t\t\t\t\t\t\t\t<img fetchpriority=\"high\" decoding=\"async\" width=\"520\" height=\"263\" src=\"https:\/\/gimabambot.com\/wp-content\/uploads\/2023\/04\/image-8-copright-pzl23u0op3czjuv8q511252764k249wf0456ixgil0.jpg-3.png\" class=\"attachment-large size-large wp-image-266\" alt=\"\" srcset=\"https:\/\/gimabambot.com\/wp-content\/uploads\/2023\/04\/image-8-copright-pzl23u0op3czjuv8q511252764k249wf0456ixgil0.jpg-3.png 520w, https:\/\/gimabambot.com\/wp-content\/uploads\/2023\/04\/image-8-copright-pzl23u0op3czjuv8q511252764k249wf0456ixgil0.jpg-3-300x152.png 300w\" sizes=\"(max-width: 520px) 100vw, 520px\" \/>\t\t\t\t\t\t\t\t\t\t\t\t\t<\/div>\n\t\t\t\t<\/div>\n\t\t\t\t\t<\/div>\n\t\t\t\t<\/div>\n\t\t\t\t<\/div>\n\t\t\t\t\t<\/div>\n\t\t\t\t<\/div>\n\t\t<div class=\"elementor-element elementor-element-69ffa7d e-flex e-con-boxed e-con e-parent\" data-id=\"69ffa7d\" data-element_type=\"container\">\n\t\t\t\t\t<div class=\"e-con-inner\">\n\t\t\t\t<div class=\"elementor-element elementor-element-fd45d74 elementor-widget elementor-widget-spacer\" data-id=\"fd45d74\" data-element_type=\"widget\" data-widget_type=\"spacer.default\">\n\t\t\t\t<div class=\"elementor-widget-container\">\n\t\t\t\t\t<div class=\"elementor-spacer\">\n\t\t\t<div class=\"elementor-spacer-inner\"><\/div>\n\t\t<\/div>\n\t\t\t\t<\/div>\n\t\t\t\t<\/div>\n\t\t\t\t\t<\/div>\n\t\t\t\t<\/div>\n\t\t<div class=\"elementor-element elementor-element-70ec237 e-flex e-con-boxed e-con e-parent\" data-id=\"70ec237\" data-element_type=\"container\" id=\"mission\" data-settings=\"{&quot;background_background&quot;:&quot;classic&quot;}\">\n\t\t\t\t\t<div class=\"e-con-inner\">\n\t\t<div class=\"elementor-element elementor-element-88995c3 e-con-full e-flex e-con e-child\" data-id=\"88995c3\" data-element_type=\"container\">\n\t\t\t\t<div class=\"elementor-element elementor-element-f6e893b elementor-widget elementor-widget-heading\" data-id=\"f6e893b\" data-element_type=\"widget\" data-widget_type=\"heading.default\">\n\t\t\t\t<div class=\"elementor-widget-container\">\n\t\t\t<h2 class=\"elementor-heading-title elementor-size-default\">Mission et Vision<\/h2>\t\t<\/div>\n\t\t\t\t<\/div>\n\t\t\t\t<div class=\"elementor-element elementor-element-8ecc23a elementor-widget elementor-widget-text-editor\" data-id=\"8ecc23a\" data-element_type=\"widget\" data-widget_type=\"text-editor.default\">\n\t\t\t\t<div class=\"elementor-widget-container\">\n\t\t\t\t\t\t\t<p>Notre mission est de positionner le Cameroun comme un p\u00f4le d\u2019excellence en innovation et en entrepreneuriat. Chaque ann\u00e9e, nous \u0153uvrons pour accompagner en moyenne 100 personnes \u00e0 sortir de la pauvret\u00e9, en cr\u00e9ant des emplois et en soutenant des start-ups \u00e0 fort potentiel de croissance.<\/p>\n<p>Investir dans l\u2019avenir, inspirer nos \u00e9quipes, soutenir activement les communaut\u00e9s locales et accompagner les individus vers une stabilit\u00e9 financi\u00e8re : telles sont les ambitions qui guident nos actions et d\u00e9finissent notre engagement.<\/p>\n\t\t\t\t\t\t<\/div>\n\t\t\t\t<\/div>\n\t\t\t\t<\/div>\n\t\t\t\t\t<\/div>\n\t\t\t\t<\/div>\n\t\t<div class=\"elementor-element elementor-element-3a22c83 e-flex e-con-boxed e-con e-parent\" data-id=\"3a22c83\" data-element_type=\"container\">\n\t\t\t\t\t<div class=\"e-con-inner\">\n\t\t\t\t<div class=\"elementor-element elementor-element-ef5e0a1 elementor-widget elementor-widget-spacer\" data-id=\"ef5e0a1\" data-element_type=\"widget\" data-widget_type=\"spacer.default\">\n\t\t\t\t<div class=\"elementor-widget-container\">\n\t\t\t\t\t<div class=\"elementor-spacer\">\n\t\t\t<div class=\"elementor-spacer-inner\"><\/div>\n\t\t<\/div>\n\t\t\t\t<\/div>\n\t\t\t\t<\/div>\n\t\t\t\t\t<\/div>\n\t\t\t\t<\/div>\n\t\t<div class=\"elementor-element elementor-element-13e9fc1 e-flex e-con-boxed e-con e-parent\" data-id=\"13e9fc1\" data-element_type=\"container\" data-settings=\"{&quot;background_background&quot;:&quot;slideshow&quot;,&quot;background_slideshow_gallery&quot;:[{&quot;id&quot;:131,&quot;url&quot;:&quot;https:\\\/\\\/gimabambot.com\\\/wp-content\\\/uploads\\\/2023\\\/04\\\/CTA-end.png&quot;}],&quot;background_slideshow_loop&quot;:&quot;yes&quot;,&quot;background_slideshow_slide_duration&quot;:5000,&quot;background_slideshow_slide_transition&quot;:&quot;fade&quot;,&quot;background_slideshow_transition_duration&quot;:500}\">\n\t\t\t\t\t<div class=\"e-con-inner\">\n\t\t<div class=\"elementor-element elementor-element-4b7d8a8 e-con-full e-flex e-con e-child\" data-id=\"4b7d8a8\" data-element_type=\"container\">\n\t\t<div class=\"elementor-element elementor-element-529eaae e-flex e-con-boxed e-con e-child\" data-id=\"529eaae\" data-element_type=\"container\">\n\t\t\t\t\t<div class=\"e-con-inner\">\n\t\t\t\t<div class=\"elementor-element elementor-element-8b5e572 elementor-widget elementor-widget-image\" data-id=\"8b5e572\" data-element_type=\"widget\" data-widget_type=\"image.default\">\n\t\t\t\t<div class=\"elementor-widget-container\">\n\t\t\t\t\t\t\t\t\t\t\t\t\t<img decoding=\"async\" width=\"475\" height=\"596\" src=\"https:\/\/gimabambot.com\/wp-content\/uploads\/2023\/04\/confident-african-businesswoman-smiling-closeup-portrait-jobs-career-campaign-1.png\" class=\"attachment-large size-large wp-image-132\" alt=\"\" srcset=\"https:\/\/gimabambot.com\/wp-content\/uploads\/2023\/04\/confident-african-businesswoman-smiling-closeup-portrait-jobs-career-campaign-1.png 475w, https:\/\/gimabambot.com\/wp-content\/uploads\/2023\/04\/confident-african-businesswoman-smiling-closeup-portrait-jobs-career-campaign-1-239x300.png 239w\" sizes=\"(max-width: 475px) 100vw, 475px\" \/>\t\t\t\t\t\t\t\t\t\t\t\t\t<\/div>\n\t\t\t\t<\/div>\n\t\t\t\t\t<\/div>\n\t\t\t\t<\/div>\n\t\t\t\t<\/div>\n\t\t<div class=\"elementor-element elementor-element-04165bb e-con-full e-flex e-con e-child\" data-id=\"04165bb\" data-element_type=\"container\">\n\t\t<div class=\"elementor-element elementor-element-5c617fa e-flex e-con-boxed e-con e-child\" data-id=\"5c617fa\" data-element_type=\"container\">\n\t\t\t\t\t<div class=\"e-con-inner\">\n\t\t\t\t<div class=\"elementor-element elementor-element-853655b elementor-widget__width-initial elementor-widget elementor-widget-heading\" data-id=\"853655b\" data-element_type=\"widget\" data-widget_type=\"heading.default\">\n\t\t\t\t<div class=\"elementor-widget-container\">\n\t\t\t<h3 class=\"elementor-heading-title elementor-size-default\">Vous avez une question ou souhaitez r\u00e9server une r\u00e9union ou une conf\u00e9rence t\u00e9l\u00e9phonique ?<\/h3>\t\t<\/div>\n\t\t\t\t<\/div>\n\t\t\t\t<div class=\"elementor-element elementor-element-8503c0b elementor-widget elementor-widget-heading\" data-id=\"8503c0b\" data-element_type=\"widget\" data-widget_type=\"heading.default\">\n\t\t\t\t<div class=\"elementor-widget-container\">\n\t\t\t<h6 class=\"elementor-heading-title elementor-size-default\">+237 233 470 378<br>+237 691 804 204 (Service d'Assistance)<\/h6>\t\t<\/div>\n\t\t\t\t<\/div>\n\t\t\t\t<div class=\"elementor-element elementor-element-71efb8e elementor-widget elementor-widget-heading\" data-id=\"71efb8e\" data-element_type=\"widget\" data-widget_type=\"heading.default\">\n\t\t\t\t<div class=\"elementor-widget-container\">\n\t\t\t<h6 class=\"elementor-heading-title elementor-size-medium\">info@gimabambot.com\u200b<\/h6>\t\t<\/div>\n\t\t\t\t<\/div>\n\t\t\t\t<div class=\"elementor-element elementor-element-b4d1d28 elementor-widget elementor-widget-spacer\" data-id=\"b4d1d28\" data-element_type=\"widget\" data-widget_type=\"spacer.default\">\n\t\t\t\t<div class=\"elementor-widget-container\">\n\t\t\t\t\t<div class=\"elementor-spacer\">\n\t\t\t<div class=\"elementor-spacer-inner\"><\/div>\n\t\t<\/div>\n\t\t\t\t<\/div>\n\t\t\t\t<\/div>\n\t\t\t\t<div class=\"elementor-element elementor-element-0fbe7b9 elementor-widget elementor-widget-button\" data-id=\"0fbe7b9\" data-element_type=\"widget\" data-widget_type=\"button.default\">\n\t\t\t\t<div class=\"elementor-widget-container\">\n\t\t\t\t\t<div class=\"elementor-button-wrapper\">\n\t\t\t<a class=\"elementor-button elementor-button-link elementor-size-sm\" href=\"https:\/\/new.gimabambot.com\/fr\/contact\/\">\n\t\t\t\t\t\t<span class=\"elementor-button-content-wrapper\">\n\t\t\t\t\t\t\t\t\t<span class=\"elementor-button-text\">Contactez-nous<\/span>\n\t\t\t\t\t<\/span>\n\t\t\t\t\t<\/a>\n\t\t<\/div>\n\t\t\t\t<\/div>\n\t\t\t\t<\/div>\n\t\t\t\t\t<\/div>\n\t\t\t\t<\/div>\n\t\t\t\t<\/div>\n\t\t\t\t\t<\/div>\n\t\t\t\t<\/div>\n\t\t\t\t<\/div>\n\t\t","protected":false},"excerpt":{"rendered":"<p>Valeurs et Philosophie Notre Gouvernement, Notre Fondation et Nos Collaborateurs Nous croyons fermement qu\u2019un gouvernement engag\u00e9 et r\u00e9solument tourn\u00e9 vers l\u2019esprit d\u2019entreprise joue un r\u00f4le cl\u00e9 dans l\u2019am\u00e9lioration du bien-\u00eatre de ses citoyens, en stimulant une croissance ax\u00e9e sur l\u2019innovation. Cela implique d\u2019engager des transformations strat\u00e9giques ambitieuses gr\u00e2ce \u00e0 des politiques tourn\u00e9es vers des missions [&hellip;]<\/p>\n","protected":false},"author":1,"featured_media":0,"parent":0,"menu_order":0,"comment_status":"closed","ping_status":"closed","template":"elementor_header_footer","meta":{"footnotes":""},"class_list":["post-826","page","type-page","status-publish","hentry"],"_links":{"self":[{"href":"https:\/\/gimabambot.com\/fr\/wp-json\/wp\/v2\/pages\/826","targetHints":{"allow":["GET"]}}],"collection":[{"href":"https:\/\/gimabambot.com\/fr\/wp-json\/wp\/v2\/pages"}],"about":[{"href":"https:\/\/gimabambot.com\/fr\/wp-json\/wp\/v2\/types\/page"}],"author":[{"embeddable":true,"href":"https:\/\/gimabambot.com\/fr\/wp-json\/wp\/v2\/users\/1"}],"replies":[{"embeddable":true,"href":"https:\/\/gimabambot.com\/fr\/wp-json\/wp\/v2\/comments?post=826"}],"version-history":[{"count":10,"href":"https:\/\/gimabambot.com\/fr\/wp-json\/wp\/v2\/pages\/826\/revisions"}],"predecessor-version":[{"id":1392,"href":"https:\/\/gimabambot.com\/fr\/wp-json\/wp\/v2\/pages\/826\/revisions\/1392"}],"wp:attachment":[{"href":"https:\/\/gimabambot.com\/fr\/wp-json\/wp\/v2\/media?parent=826"}],"curies":[{"name":"wp","href":"https:\/\/api.w.org\/{rel}","templated":true}]}}