{"id":1237,"date":"2023-04-03T16:18:34","date_gmt":"2023-04-03T15:18:34","guid":{"rendered":"https:\/\/new.gimabambot.com\/ueber-uns\/"},"modified":"2024-05-10T13:59:20","modified_gmt":"2024-05-10T12:59:20","slug":"uber-uns","status":"publish","type":"page","link":"https:\/\/gimabambot.com\/de\/uber-uns\/","title":{"rendered":"\u00dcber uns"},"content":{"rendered":"\t\t<div data-elementor-type=\"wp-page\" data-elementor-id=\"1237\" class=\"elementor elementor-1237 elementor-15\" data-elementor-post-type=\"page\">\n\t\t\t\t<div class=\"elementor-element elementor-element-9e4b17a e-flex e-con-boxed e-con e-parent\" data-id=\"9e4b17a\" data-element_type=\"container\" data-settings=\"{&quot;background_background&quot;:&quot;classic&quot;}\">\n\t\t\t\t\t<div class=\"e-con-inner\">\n\t\t<div class=\"elementor-element elementor-element-58b7200 e-con-full e-flex e-con e-child\" data-id=\"58b7200\" data-element_type=\"container\" data-settings=\"{&quot;background_background&quot;:&quot;classic&quot;}\">\n\t\t\t\t<\/div>\n\t\t\t\t<div class=\"elementor-element elementor-element-59a79c5 elementor-widget__width-initial elementor-widget-mobile__width-inherit elementor-widget elementor-widget-text-editor\" data-id=\"59a79c5\" data-element_type=\"widget\" data-widget_type=\"text-editor.default\">\n\t\t\t\t<div class=\"elementor-widget-container\">\n\t\t\t<style>\/*! elementor - v3.21.0 - 08-05-2024 *\/\n.elementor-widget-text-editor.elementor-drop-cap-view-stacked .elementor-drop-cap{background-color:#69727d;color:#fff}.elementor-widget-text-editor.elementor-drop-cap-view-framed .elementor-drop-cap{color:#69727d;border:3px solid;background-color:transparent}.elementor-widget-text-editor:not(.elementor-drop-cap-view-default) .elementor-drop-cap{margin-top:8px}.elementor-widget-text-editor:not(.elementor-drop-cap-view-default) .elementor-drop-cap-letter{width:1em;height:1em}.elementor-widget-text-editor .elementor-drop-cap{float:left;text-align:center;line-height:1;font-size:50px}.elementor-widget-text-editor .elementor-drop-cap-letter{display:inline-block}<\/style>\t\t\t\t<p>Wir glauben, dass die Verantwortung sowohl bei den Unternehmen als auch bei der Regierung liegt, da beide dasselbe wollen: einen Mehrwert f\u00fcr das Leben der Menschen schaffen.<\/p>\n\t\t\t\t\t\t<\/div>\n\t\t\t\t<\/div>\n\t\t\t\t\t<\/div>\n\t\t\t\t<\/div>\n\t\t<div class=\"elementor-element elementor-element-7945f19 e-flex e-con-boxed e-con e-parent\" data-id=\"7945f19\" data-element_type=\"container\">\n\t\t\t\t\t<div class=\"e-con-inner\">\n\t\t<div class=\"elementor-element elementor-element-75c685b e-con-full e-flex e-con e-child\" data-id=\"75c685b\" data-element_type=\"container\" data-settings=\"{&quot;sticky&quot;:&quot;top&quot;,&quot;sticky_on&quot;:[&quot;desktop&quot;],&quot;sticky_offset&quot;:120,&quot;sticky_parent&quot;:&quot;yes&quot;,&quot;sticky_effects_offset&quot;:0}\">\n\t\t<div class=\"elementor-element elementor-element-5b7c4aa e-con-full e-flex e-con e-child\" data-id=\"5b7c4aa\" data-element_type=\"container\">\n\t\t<div class=\"elementor-element elementor-element-f2c4f1b e-con-full e-flex e-con e-child\" data-id=\"f2c4f1b\" data-element_type=\"container\">\n\t\t\t\t<div class=\"elementor-element elementor-element-28545d0 elementor-widget elementor-widget-image\" data-id=\"28545d0\" data-element_type=\"widget\" data-widget_type=\"image.default\">\n\t\t\t\t<div class=\"elementor-widget-container\">\n\t\t\t<style>\/*! elementor - v3.21.0 - 08-05-2024 *\/\n.elementor-widget-image{text-align:center}.elementor-widget-image a{display:inline-block}.elementor-widget-image a img[src$=\".svg\"]{width:48px}.elementor-widget-image img{vertical-align:middle;display:inline-block}<\/style>\t\t\t\t\t\t\t\t\t\t<img fetchpriority=\"high\" decoding=\"async\" width=\"520\" height=\"642\" src=\"https:\/\/gimabambot.com\/wp-content\/uploads\/2023\/04\/figure.png\" class=\"attachment-large size-large wp-image-85\" alt=\"Gima-Bambot investments\" srcset=\"https:\/\/gimabambot.com\/wp-content\/uploads\/2023\/04\/figure.png 520w, https:\/\/gimabambot.com\/wp-content\/uploads\/2023\/04\/figure-243x300.png 243w\" sizes=\"(max-width: 520px) 100vw, 520px\" \/>\t\t\t\t\t\t\t\t\t\t\t\t\t<\/div>\n\t\t\t\t<\/div>\n\t\t<div class=\"elementor-element elementor-element-5154af1 e-con-full e-flex e-con e-child\" data-id=\"5154af1\" data-element_type=\"container\" data-settings=\"{&quot;background_background&quot;:&quot;classic&quot;,&quot;position&quot;:&quot;absolute&quot;}\">\n\t\t\t\t<div class=\"elementor-element elementor-element-c951276 elementor-widget-mobile__width-inherit elementor-widget elementor-widget-heading\" data-id=\"c951276\" data-element_type=\"widget\" data-widget_type=\"heading.default\">\n\t\t\t\t<div class=\"elementor-widget-container\">\n\t\t\t<style>\/*! elementor - v3.21.0 - 08-05-2024 *\/\n.elementor-heading-title{padding:0;margin:0;line-height:1}.elementor-widget-heading .elementor-heading-title[class*=elementor-size-]>a{color:inherit;font-size:inherit;line-height:inherit}.elementor-widget-heading .elementor-heading-title.elementor-size-small{font-size:15px}.elementor-widget-heading .elementor-heading-title.elementor-size-medium{font-size:19px}.elementor-widget-heading .elementor-heading-title.elementor-size-large{font-size:29px}.elementor-widget-heading .elementor-heading-title.elementor-size-xl{font-size:39px}.elementor-widget-heading .elementor-heading-title.elementor-size-xxl{font-size:59px}<\/style><h4 class=\"elementor-heading-title elementor-size-default\">Wir sind eine Holdinggesellschaft<\/h4>\t\t<\/div>\n\t\t\t\t<\/div>\n\t\t\t\t<\/div>\n\t\t\t\t<\/div>\n\t\t\t\t<\/div>\n\t\t\t\t<\/div>\n\t\t<div class=\"elementor-element elementor-element-b961f64 e-con-full e-flex e-con e-child\" data-id=\"b961f64\" data-element_type=\"container\">\n\t\t\t\t<div class=\"elementor-element elementor-element-ab91286 elementor-widget elementor-widget-heading\" data-id=\"ab91286\" data-element_type=\"widget\" data-widget_type=\"heading.default\">\n\t\t\t\t<div class=\"elementor-widget-container\">\n\t\t\t<h2 class=\"elementor-heading-title elementor-size-default\">Wir verwandeln gute Ideen in erfolgreiche Unternehmen.\n<\/h2>\t\t<\/div>\n\t\t\t\t<\/div>\n\t\t\t\t<div class=\"elementor-element elementor-element-450a5a7 elementor-widget elementor-widget-text-editor\" data-id=\"450a5a7\" data-element_type=\"widget\" data-widget_type=\"text-editor.default\">\n\t\t\t\t<div class=\"elementor-widget-container\">\n\t\t\t\t\t\t\t<p>Wir verwandeln gute Ideen in erfolgreiche Unternehmen. Gima-Bambot Inc. ist eine Holdinggesellschaft mit einem etablierten internen Venture-Fonds, der darauf ausgerichtet ist, neu entstehende, gute Ideen zu erkennen und zu f\u00f6rdern. Unser Hauptziel ist es diese Ideen zu erfolgreichen Unternehmen umzuwandeln.<\/p>\n<p>Im Einklang mit den Bem\u00fchungen der Regierung die Bed\u00fcrfnisse von Unternehmen und B\u00fcrgern auszugleichen, positioniert sich Gima-Bambot Inc. strategisch als starker Partner der Regierung, insbesondere an Schnittstellen mit staatlichen Initiativen.<\/p>\n<p>Unsere Unternehmensrichtlinien werden von einem unantastbaren patriotischen Pflichtgef\u00fchl motiviert, das uns dazu bewegt gewissenhaft daran zu arbeiten unsere Nation zu st\u00e4rken, unsere Mitb\u00fcrger finanziell zu st\u00e4rken und die Armut zu bek\u00e4mpfen.<\/p>\n<p>Das Unternehmen wurde 2017 durch eine Unternehmensumstrukturierung von Gima-Bambot International Ltd. geschaffen, mit dem festen Glauben, dass echte Menschlichkeit der Schl\u00fcssel zu einer vielversprechenden Zukunft ist. Gima-Bambot Inc. widmet sich der F\u00f6rderung des Gesch\u00e4ftswachstums durch vision\u00e4res F\u00fchrungsverm\u00f6gen, eine koh\u00e4rente Philosophie, Innovation und die Schaffung erstklassiger strategischer Partnerschaften.<\/p>\n\t\t\t\t\t\t<\/div>\n\t\t\t\t<\/div>\n\t\t\t\t<\/div>\n\t\t\t\t\t<\/div>\n\t\t\t\t<\/div>\n\t\t<div class=\"elementor-element elementor-element-7131972 e-flex e-con-boxed e-con e-parent\" data-id=\"7131972\" data-element_type=\"container\" data-settings=\"{&quot;background_background&quot;:&quot;classic&quot;}\">\n\t\t\t\t\t<div class=\"e-con-inner\">\n\t\t\t\t<div class=\"elementor-element elementor-element-282176d elementor-widget elementor-widget-text-editor\" data-id=\"282176d\" data-element_type=\"widget\" data-widget_type=\"text-editor.default\">\n\t\t\t\t<div class=\"elementor-widget-container\">\n\t\t\t\t\t\t\t<p>Die Regierung stellt fr\u00fchzeitige Finanzierung f\u00fcr strategische Infrastrukturen und Technologien bereit sowie Investitionen in die risikoreiche, unsichere erste Phase des Innovationszyklus. Gima-Bambot Inc. tritt in der darauffolgenden Phase ein, um innovative unternehmerische Unternehmungen auf Basis dieser Infrastrukturen und Technologien zu entwickeln. Unser Ziel ist es, die Zukunft durch die Schaffung hochwertiger Arbeitspl\u00e4tze und die Nutzung gr\u00fcner Technologien zu unterst\u00fctzen.<\/p>\n<p>Kurz gesagt ist Gima-Bambot Inc. ein privates Unternehmen, das sich aus einer Reihe von Firmen zusammensetzt und sich weiterhin auf die F\u00f6rderung der Menschheit konzentriert.<\/p>\n\t\t\t\t\t\t<\/div>\n\t\t\t\t<\/div>\n\t\t\t\t\t<\/div>\n\t\t\t\t<\/div>\n\t\t<div class=\"elementor-element elementor-element-472ad2f e-flex e-con-boxed e-con e-parent\" data-id=\"472ad2f\" data-element_type=\"container\" id=\"Principle\" data-settings=\"{&quot;background_background&quot;:&quot;classic&quot;}\">\n\t\t\t\t\t<div class=\"e-con-inner\">\n\t\t<div class=\"elementor-element elementor-element-4f7d921 e-con-full e-flex e-con e-child\" data-id=\"4f7d921\" data-element_type=\"container\">\n\t\t\t\t<div class=\"elementor-element elementor-element-1db1094 elementor-widget elementor-widget-heading\" data-id=\"1db1094\" data-element_type=\"widget\" data-widget_type=\"heading.default\">\n\t\t\t\t<div class=\"elementor-widget-container\">\n\t\t\t<h6 class=\"elementor-heading-title elementor-size-default\">Unsere Prinzipien<\/h6>\t\t<\/div>\n\t\t\t\t<\/div>\n\t\t\t\t<div class=\"elementor-element elementor-element-c2db2f1 elementor-widget elementor-widget-heading\" data-id=\"c2db2f1\" data-element_type=\"widget\" data-widget_type=\"heading.default\">\n\t\t\t\t<div class=\"elementor-widget-container\">\n\t\t\t<h4 class=\"elementor-heading-title elementor-size-default\">Wir arbeiten hart daran, unsere Nation zu st\u00e4rken, unsere Mitb\u00fcrger finanziell zu st\u00e4rken und Armut zu bek\u00e4mpfen.<\/h4>\t\t<\/div>\n\t\t\t\t<\/div>\n\t\t\t\t<div class=\"elementor-element elementor-element-fd2bc40 elementor-widget elementor-widget-text-editor\" data-id=\"fd2bc40\" data-element_type=\"widget\" data-widget_type=\"text-editor.default\">\n\t\t\t\t<div class=\"elementor-widget-container\">\n\t\t\t\t\t\t\t<p>Wir sind eine Leitgesellschaft die mit dem Ziel gegr\u00fcndet wurde, ausbauf\u00e4higen Startups die F\u00e4higkeit zur F\u00f6rderung des wirtschaftlichen Wachstums zu geben: Wir schaffen hochwertige Arbeitspl\u00e4tze und st\u00e4rken Einzelpersonen, um herausfordernde Probleme anzugehen und erfolgreich zu sein.<\/p>\n\t\t\t\t\t\t<\/div>\n\t\t\t\t<\/div>\n\t\t\t\t<\/div>\n\t\t\t\t\t<\/div>\n\t\t\t\t<\/div>\n\t\t<div class=\"elementor-element elementor-element-0b434b5 e-flex e-con-boxed e-con e-parent\" data-id=\"0b434b5\" data-element_type=\"container\" id=\"Partners\" data-settings=\"{&quot;background_background&quot;:&quot;classic&quot;}\">\n\t\t\t\t\t<div class=\"e-con-inner\">\n\t\t<div class=\"elementor-element elementor-element-eaee869 e-con-full e-flex e-con e-child\" data-id=\"eaee869\" data-element_type=\"container\">\n\t\t<div class=\"elementor-element elementor-element-60d9bb0 e-flex e-con-boxed e-con e-child\" data-id=\"60d9bb0\" data-element_type=\"container\">\n\t\t\t\t\t<div class=\"e-con-inner\">\n\t\t\t\t<div class=\"elementor-element elementor-element-aa1c404 elementor-widget elementor-widget-heading\" data-id=\"aa1c404\" data-element_type=\"widget\" data-widget_type=\"heading.default\">\n\t\t\t\t<div class=\"elementor-widget-container\">\n\t\t\t<h6 class=\"elementor-heading-title elementor-size-default\">Unsere Partner<\/h6>\t\t<\/div>\n\t\t\t\t<\/div>\n\t\t\t\t\t<\/div>\n\t\t\t\t<\/div>\n\t\t<div class=\"elementor-element elementor-element-eaf0aa4 e-flex e-con-boxed e-con e-child\" data-id=\"eaf0aa4\" data-element_type=\"container\">\n\t\t\t\t\t<div class=\"e-con-inner\">\n\t\t\t\t<div class=\"elementor-element elementor-element-109980a elementor-widget elementor-widget-heading\" data-id=\"109980a\" data-element_type=\"widget\" data-widget_type=\"heading.default\">\n\t\t\t\t<div class=\"elementor-widget-container\">\n\t\t\t<h2 class=\"elementor-heading-title elementor-size-default\">Wir bauen gemeinsam Unternehmen mit Ihnen auf.<\/h2>\t\t<\/div>\n\t\t\t\t<\/div>\n\t\t<div class=\"elementor-element elementor-element-4a862d6 e-flex e-con-boxed e-con e-child\" data-id=\"4a862d6\" data-element_type=\"container\">\n\t\t\t\t\t<div class=\"e-con-inner\">\n\t\t\t\t<div class=\"elementor-element elementor-element-4676023 elementor-widget elementor-widget-image\" data-id=\"4676023\" data-element_type=\"widget\" data-widget_type=\"image.default\">\n\t\t\t\t<div class=\"elementor-widget-container\">\n\t\t\t\t\t\t\t\t\t\t\t\t\t<img decoding=\"async\" width=\"54\" height=\"67\" src=\"https:\/\/gimabambot.com\/wp-content\/uploads\/2023\/04\/Group-3.svg\" class=\"attachment-large size-large wp-image-100\" alt=\"\" \/>\t\t\t\t\t\t\t\t\t\t\t\t\t<\/div>\n\t\t\t\t<\/div>\n\t\t\t\t<div class=\"elementor-element elementor-element-8d08dd0 elementor-widget elementor-widget-image\" data-id=\"8d08dd0\" data-element_type=\"widget\" data-widget_type=\"image.default\">\n\t\t\t\t<div class=\"elementor-widget-container\">\n\t\t\t\t\t\t\t\t\t\t\t\t\t<img decoding=\"async\" width=\"182\" height=\"54\" src=\"https:\/\/gimabambot.com\/wp-content\/uploads\/2023\/04\/image-4.svg\" class=\"attachment-large size-large wp-image-99\" alt=\"\" \/>\t\t\t\t\t\t\t\t\t\t\t\t\t<\/div>\n\t\t\t\t<\/div>\n\t\t\t\t\t<\/div>\n\t\t\t\t<\/div>\n\t\t\t\t\t<\/div>\n\t\t\t\t<\/div>\n\t\t\t\t<\/div>\n\t\t<div class=\"elementor-element elementor-element-c497be1 e-con-full e-flex e-con e-child\" data-id=\"c497be1\" data-element_type=\"container\">\n\t\t<div class=\"elementor-element elementor-element-4842380 e-flex e-con-boxed e-con e-child\" data-id=\"4842380\" data-element_type=\"container\">\n\t\t\t\t\t<div class=\"e-con-inner\">\n\t\t\t\t<div class=\"elementor-element elementor-element-0153651 elementor-widget elementor-widget-heading\" data-id=\"0153651\" data-element_type=\"widget\" data-widget_type=\"heading.default\">\n\t\t\t\t<div class=\"elementor-widget-container\">\n\t\t\t<h5 class=\"elementor-heading-title elementor-size-default\">Wir halten uns an ein altes afrikanisches Sprichwort:<\/h5>\t\t<\/div>\n\t\t\t\t<\/div>\n\t\t\t\t<div class=\"elementor-element elementor-element-943febb elementor-widget elementor-widget-heading\" data-id=\"943febb\" data-element_type=\"widget\" data-widget_type=\"heading.default\">\n\t\t\t\t<div class=\"elementor-widget-container\">\n\t\t\t<h5 class=\"elementor-heading-title elementor-size-default\">\"Wenn du schnell gehen willst, geh' allein. Wenn du weit gehen willst, geh' zusammen\".<\/h5>\t\t<\/div>\n\t\t\t\t<\/div>\n\t\t\t\t<div class=\"elementor-element elementor-element-60e3ead elementor-widget elementor-widget-text-editor\" data-id=\"60e3ead\" data-element_type=\"widget\" data-widget_type=\"text-editor.default\">\n\t\t\t\t<div class=\"elementor-widget-container\">\n\t\t\t\t\t\t\t<p>Gute Ideen sind der Kern von Startup Konzepten. Wir erkennen die Wertigkeit dieser Ideen an, auch wenn sie anfangs noch keinen greifbaren Wert haben.<\/p>\n<p>Bei Gima-Bambot Inc. stellen wir gewissenhaft ein Team von au\u00dfergew\u00f6hnlich talentierten Individuen zusammen und pflegen starke Partnerschaften mit anderen Unternehmen. Durch diese gemeinsame Anstrengung minimieren wir Risiken und optimieren die Kernideen, indem wir sie in praktische und \u00fcberzeugende Konzepte umwandeln, von denen einige zu bl\u00fchenden Unternehmen heranreifen.<\/p>\n<p><span style=\"color: var( --e-global-color-530cc6d ); text-align: var(--text-align); background-color: var( --e-global-color-70bcb99 );\">Der Erfolg unserer Investitionen und Unternehmungen h\u00e4ngt ma\u00dfgeblich von den Partnerschaften ab die wir schlie\u00dfen &#8211; manchmal sogar mit unseren Konkurrenten.<\/span><\/p>\n\t\t\t\t\t\t<\/div>\n\t\t\t\t<\/div>\n\t\t\t\t\t<\/div>\n\t\t\t\t<\/div>\n\t\t\t\t<\/div>\n\t\t\t\t\t<\/div>\n\t\t\t\t<\/div>\n\t\t<div class=\"elementor-element elementor-element-bac44c7 e-flex e-con-boxed e-con e-parent\" data-id=\"bac44c7\" data-element_type=\"container\">\n\t\t\t\t\t<div class=\"e-con-inner\">\n\t\t<div class=\"elementor-element elementor-element-e83c11b e-con-full e-flex e-con e-child\" data-id=\"e83c11b\" data-element_type=\"container\">\n\t\t<div class=\"elementor-element elementor-element-1769304 e-flex e-con-boxed e-con e-child\" data-id=\"1769304\" data-element_type=\"container\">\n\t\t\t\t\t<div class=\"e-con-inner\">\n\t\t\t\t<div class=\"elementor-element elementor-element-cf7305e elementor-widget elementor-widget-image\" data-id=\"cf7305e\" data-element_type=\"widget\" data-widget_type=\"image.default\">\n\t\t\t\t<div class=\"elementor-widget-container\">\n\t\t\t\t\t\t\t\t\t\t\t\t\t<img loading=\"lazy\" decoding=\"async\" width=\"491\" height=\"624\" src=\"https:\/\/gimabambot.com\/wp-content\/uploads\/2023\/04\/div20.png\" class=\"attachment-large size-large wp-image-122\" alt=\"\" srcset=\"https:\/\/gimabambot.com\/wp-content\/uploads\/2023\/04\/div20.png 491w, https:\/\/gimabambot.com\/wp-content\/uploads\/2023\/04\/div20-236x300.png 236w\" sizes=\"(max-width: 491px) 100vw, 491px\" \/>\t\t\t\t\t\t\t\t\t\t\t\t\t<\/div>\n\t\t\t\t<\/div>\n\t\t<div class=\"elementor-element elementor-element-1ca61cd e-con-full e-flex e-con e-child\" data-id=\"1ca61cd\" data-element_type=\"container\" data-settings=\"{&quot;background_background&quot;:&quot;classic&quot;,&quot;position&quot;:&quot;absolute&quot;}\">\n\t\t\t\t<div class=\"elementor-element elementor-element-02d2dfc elementor-widget elementor-widget-counter\" data-id=\"02d2dfc\" data-element_type=\"widget\" data-widget_type=\"counter.default\">\n\t\t\t\t<div class=\"elementor-widget-container\">\n\t\t\t<style>\/*! elementor - v3.21.0 - 08-05-2024 *\/\n.elementor-counter{display:flex;justify-content:center;align-items:stretch;flex-direction:column-reverse}.elementor-counter .elementor-counter-number{flex-grow:var(--counter-number-grow,0)}.elementor-counter .elementor-counter-number-wrapper{flex:1;display:flex;font-size:69px;font-weight:600;line-height:1;text-align:center}.elementor-counter .elementor-counter-number-prefix{text-align:end;flex-grow:var(--counter-prefix-grow,1);white-space:pre-wrap}.elementor-counter .elementor-counter-number-suffix{text-align:start;flex-grow:var(--counter-suffix-grow,1);white-space:pre-wrap}.elementor-counter .elementor-counter-title{flex:1;display:flex;justify-content:center;align-items:center;margin:0;padding:0;font-size:19px;font-weight:400;line-height:2.5}<\/style>\t\t<div class=\"elementor-counter\">\n\t\t\t\t\t\t<div class=\"elementor-counter-number-wrapper\">\n\t\t\t\t<span class=\"elementor-counter-number-prefix\">+<\/span>\n\t\t\t\t<span class=\"elementor-counter-number\" data-duration=\"2000\" data-to-value=\"5\" data-from-value=\"0\" data-delimiter=\",\">0<\/span>\n\t\t\t\t<span class=\"elementor-counter-number-suffix\"><\/span>\n\t\t\t<\/div>\n\t\t<\/div>\n\t\t\t\t<\/div>\n\t\t\t\t<\/div>\n\t\t\t\t<div class=\"elementor-element elementor-element-5194529 elementor-widget elementor-widget-heading\" data-id=\"5194529\" data-element_type=\"widget\" data-widget_type=\"heading.default\">\n\t\t\t\t<div class=\"elementor-widget-container\">\n\t\t\t<h6 class=\"elementor-heading-title elementor-size-small\">Unternehmen <br>aus unausgereiften Ideen entstanden<\/h6>\t\t<\/div>\n\t\t\t\t<\/div>\n\t\t\t\t<div class=\"elementor-element elementor-element-b22c5cb elementor-widget elementor-widget-counter\" data-id=\"b22c5cb\" data-element_type=\"widget\" data-widget_type=\"counter.default\">\n\t\t\t\t<div class=\"elementor-widget-container\">\n\t\t\t\t\t<div class=\"elementor-counter\">\n\t\t\t\t\t\t<div class=\"elementor-counter-number-wrapper\">\n\t\t\t\t<span class=\"elementor-counter-number-prefix\">+<\/span>\n\t\t\t\t<span class=\"elementor-counter-number\" data-duration=\"2000\" data-to-value=\"25\" data-from-value=\"0\" data-delimiter=\",\">0<\/span>\n\t\t\t\t<span class=\"elementor-counter-number-suffix\"><\/span>\n\t\t\t<\/div>\n\t\t<\/div>\n\t\t\t\t<\/div>\n\t\t\t\t<\/div>\n\t\t\t\t<div class=\"elementor-element elementor-element-acfbfa4 elementor-widget elementor-widget-heading\" data-id=\"acfbfa4\" data-element_type=\"widget\" data-widget_type=\"heading.default\">\n\t\t\t\t<div class=\"elementor-widget-container\">\n\t\t\t<h6 class=\"elementor-heading-title elementor-size-small\">Unternehmen unterst\u00fctzt<\/h6>\t\t<\/div>\n\t\t\t\t<\/div>\n\t\t\t\t<\/div>\n\t\t\t\t\t<\/div>\n\t\t\t\t<\/div>\n\t\t\t\t<\/div>\n\t\t<div class=\"elementor-element elementor-element-9cad234 e-con-full e-flex e-con e-child\" data-id=\"9cad234\" data-element_type=\"container\">\n\t\t\t\t<div class=\"elementor-element elementor-element-4d5904a elementor-widget elementor-widget-heading\" data-id=\"4d5904a\" data-element_type=\"widget\" data-widget_type=\"heading.default\">\n\t\t\t\t<div class=\"elementor-widget-container\">\n\t\t\t<h6 class=\"elementor-heading-title elementor-size-default\">Unsere Werte<\/h6>\t\t<\/div>\n\t\t\t\t<\/div>\n\t\t\t\t<div class=\"elementor-element elementor-element-56cb6c0 elementor-widget elementor-widget-heading\" data-id=\"56cb6c0\" data-element_type=\"widget\" data-widget_type=\"heading.default\">\n\t\t\t\t<div class=\"elementor-widget-container\">\n\t\t\t<h2 class=\"elementor-heading-title elementor-size-default\">Eine engagierte und unternehmerisch ausgerichtete Regierung<\/h2>\t\t<\/div>\n\t\t\t\t<\/div>\n\t\t\t\t<div class=\"elementor-element elementor-element-9db31ce elementor-widget elementor-widget-text-editor\" data-id=\"9db31ce\" data-element_type=\"widget\" data-widget_type=\"text-editor.default\">\n\t\t\t\t<div class=\"elementor-widget-container\">\n\t\t\t\t\t\t\t<p>Unser Leitprinzip ist der Glaube, dass eine engagierte, unternehmerisch ausgerichtete Regierung das Wohlergehen ihrer B\u00fcrger steigern kann, indem sie ein innovationsgetriebenes Wachstum vorantreibt. Dies bedeutet mutige strategische Transformationen mit einer aufgabenorientierten Politik und eine Kultur des gro\u00dfen Denkens zu f\u00f6rdern.<\/p>\n<p>Wir setzen uns weiterhin daf\u00fcr ein, unsere Reichweite zu erweitern und mehr Menschen zu helfen, indem wir st\u00e4ndig nach neuen und innovativen Ans\u00e4tzen suchen, um finanzielles Wohlergehen zu f\u00f6rdern. Aus diesem Grund bef\u00fcrworten wir nachhaltige und verantwortungsvolle Gesch\u00e4ftspraktiken.<\/p>\n\t\t\t\t\t\t<\/div>\n\t\t\t\t<\/div>\n\t\t<div class=\"elementor-element elementor-element-4ad42af e-flex e-con-boxed e-con e-child\" data-id=\"4ad42af\" data-element_type=\"container\">\n\t\t\t\t\t<div class=\"e-con-inner\">\n\t\t\t\t<div class=\"elementor-element elementor-element-a7cb6a0 elementor-widget elementor-widget-progress\" data-id=\"a7cb6a0\" data-element_type=\"widget\" data-widget_type=\"progress.default\">\n\t\t\t\t<div class=\"elementor-widget-container\">\n\t\t\t<style>\/*! elementor - v3.21.0 - 08-05-2024 *\/\n.elementor-widget-progress{text-align:start}.elementor-progress-wrapper{position:relative;background-color:#eee;color:#fff;height:100%;border-radius:2px}.elementor-progress-bar{display:flex;background-color:#69727d;width:0;font-size:11px;height:30px;line-height:30px;border-radius:2px;transition:width 1s ease-in-out}.elementor-progress-text{flex-grow:1;white-space:nowrap;text-overflow:ellipsis;overflow:hidden;padding-inline-start:15px}.elementor-progress-percentage{padding-inline-end:15px}.elementor-widget-progress .elementor-progress-wrapper.progress-info .elementor-progress-bar{background-color:#5bc0de}.elementor-widget-progress .elementor-progress-wrapper.progress-success .elementor-progress-bar{background-color:#5cb85c}.elementor-widget-progress .elementor-progress-wrapper.progress-warning .elementor-progress-bar{background-color:#f0ad4e}.elementor-widget-progress .elementor-progress-wrapper.progress-danger .elementor-progress-bar{background-color:#d9534f}.elementor-progress .elementor-title{display:block}@media (max-width:767px){.elementor-progress-text{padding-inline-start:10px}}.e-con-inner .elementor-progress-wrapper,.e-con .elementor-progress-wrapper{height:auto}<\/style>\t\t\t<span class=\"elementor-title\" id=\"elementor-progress-bar-a7cb6a0\">\n\t\t\t\tQualit\u00e4tssicherung\t\t\t<\/span>\n\t\t\n\t\t<div aria-labelledby=\"elementor-progress-bar-a7cb6a0\" class=\"elementor-progress-wrapper\" role=\"progressbar\" aria-valuemin=\"0\" aria-valuemax=\"100\" aria-valuenow=\"97\">\n\t\t\t<div class=\"elementor-progress-bar\" data-max=\"97\">\n\t\t\t\t<span class=\"elementor-progress-text\"><\/span>\n\t\t\t\t\t\t\t\t\t<span class=\"elementor-progress-percentage\">97%<\/span>\n\t\t\t\t\t\t\t<\/div>\n\t\t<\/div>\n\t\t\t\t<\/div>\n\t\t\t\t<\/div>\n\t\t\t\t<div class=\"elementor-element elementor-element-5b6bf2c elementor-widget elementor-widget-progress\" data-id=\"5b6bf2c\" data-element_type=\"widget\" data-widget_type=\"progress.default\">\n\t\t\t\t<div class=\"elementor-widget-container\">\n\t\t\t\t\t\t<span class=\"elementor-title\" id=\"elementor-progress-bar-5b6bf2c\">\n\t\t\t\t<b>Kundenkreditkonto\t\t\t<\/span>\n\t\t\n\t\t<div aria-labelledby=\"elementor-progress-bar-5b6bf2c\" class=\"elementor-progress-wrapper\" role=\"progressbar\" aria-valuemin=\"0\" aria-valuemax=\"100\" aria-valuenow=\"88\">\n\t\t\t<div class=\"elementor-progress-bar\" data-max=\"88\">\n\t\t\t\t<span class=\"elementor-progress-text\"><\/span>\n\t\t\t\t\t\t\t\t\t<span class=\"elementor-progress-percentage\">88%<\/span>\n\t\t\t\t\t\t\t<\/div>\n\t\t<\/div>\n\t\t\t\t<\/div>\n\t\t\t\t<\/div>\n\t\t\t\t\t<\/div>\n\t\t\t\t<\/div>\n\t\t\t\t<\/div>\n\t\t\t\t\t<\/div>\n\t\t\t\t<\/div>\n\t\t\t\t<\/div>\n\t\t","protected":false},"excerpt":{"rendered":"<p>Wir glauben, dass die Verantwortung sowohl bei den Unternehmen als auch bei der Regierung liegt, da beide dasselbe wollen: einen Mehrwert f\u00fcr das Leben der Menschen schaffen. Wir sind eine Holdinggesellschaft Wir verwandeln gute Ideen in erfolgreiche Unternehmen. Wir verwandeln gute Ideen in erfolgreiche Unternehmen. Gima-Bambot Inc. ist eine Holdinggesellschaft mit einem etablierten internen Venture-Fonds, [&hellip;]<\/p>\n","protected":false},"author":1,"featured_media":0,"parent":0,"menu_order":0,"comment_status":"closed","ping_status":"closed","template":"elementor_header_footer","meta":{"footnotes":""},"class_list":["post-1237","page","type-page","status-publish","hentry"],"_links":{"self":[{"href":"https:\/\/gimabambot.com\/de\/wp-json\/wp\/v2\/pages\/1237","targetHints":{"allow":["GET"]}}],"collection":[{"href":"https:\/\/gimabambot.com\/de\/wp-json\/wp\/v2\/pages"}],"about":[{"href":"https:\/\/gimabambot.com\/de\/wp-json\/wp\/v2\/types\/page"}],"author":[{"embeddable":true,"href":"https:\/\/gimabambot.com\/de\/wp-json\/wp\/v2\/users\/1"}],"replies":[{"embeddable":true,"href":"https:\/\/gimabambot.com\/de\/wp-json\/wp\/v2\/comments?post=1237"}],"version-history":[{"count":2,"href":"https:\/\/gimabambot.com\/de\/wp-json\/wp\/v2\/pages\/1237\/revisions"}],"predecessor-version":[{"id":1333,"href":"https:\/\/gimabambot.com\/de\/wp-json\/wp\/v2\/pages\/1237\/revisions\/1333"}],"wp:attachment":[{"href":"https:\/\/gimabambot.com\/de\/wp-json\/wp\/v2\/media?parent=1237"}],"curies":[{"name":"wp","href":"https:\/\/api.w.org\/{rel}","templated":true}]}}